{"id":12372,"date":"2021-11-15T06:39:02","date_gmt":"2021-11-15T05:39:02","guid":{"rendered":"https:\/\/www.oceancampingcarclub.fr\/?page_id=12372"},"modified":"2025-10-30T14:45:48","modified_gmt":"2025-10-30T13:45:48","slug":"recits-de-voyages","status":"publish","type":"page","link":"https:\/\/www.oceancampingcarclub.fr\/?page_id=12372","title":{"rendered":"R\u00e9cits de nos voyages"},"content":{"rendered":"<h1 style=\"text-align: center;\">Espagne Atlantique 2025<\/h1>\n<p style=\"text-align: center;\"><a class=\"link-to-pdf\" title=\"COMPTE RENDU Espagne Atlantique 2025\" href=\"https:\/\/www.oceancampingcarclub.fr\/wp-content\/uploads\/2025\/10\/COMPTE-RENDU-Espagne-Atlantique-2025.pdf\" target=\"_blank\" rel=\"attachment noopener wp-att-13170\"><img loading=\"lazy\" decoding=\"async\" class=\"alignnone size-medium wp-image-13177\" src=\"https:\/\/www.oceancampingcarclub.fr\/wp-content\/uploads\/2025\/10\/COMPTE-RENDU-Espagne-Atlantique-2025-pdf-image-212x300.jpg\" alt=\"\" width=\"212\" height=\"300\" srcset=\"https:\/\/www.oceancampingcarclub.fr\/wp-content\/uploads\/2025\/10\/COMPTE-RENDU-Espagne-Atlantique-2025-pdf-image-212x300.jpg 212w, https:\/\/www.oceancampingcarclub.fr\/wp-content\/uploads\/2025\/10\/COMPTE-RENDU-Espagne-Atlantique-2025-pdf-image.jpg 350w\" sizes=\"auto, (max-width: 212px) 100vw, 212px\" \/><\/a><\/p>\n<p>&nbsp;<\/p>\n<p>&nbsp;<\/p>\n<h1 style=\"text-align: center;\">D\u00e9tour en Cotentin 2025<\/h1>\n<p>&nbsp;<\/p>\n<p style=\"text-align: center;\"><a class=\"link-to-pdf\" title=\"DETOUR EN COTENTI2\" href=\"https:\/\/www.oceancampingcarclub.fr\/wp-content\/uploads\/2025\/10\/DETOUR-EN-COTENTI2.pdf\" target=\"_blank\" rel=\"attachment noopener wp-att-13172\"><img loading=\"lazy\" decoding=\"async\" class=\"alignnone size-medium wp-image-13185\" src=\"https:\/\/www.oceancampingcarclub.fr\/wp-content\/uploads\/2025\/10\/DETOUR-EN-COTENTI2-pdf-image-212x300.jpg\" alt=\"\" width=\"212\" height=\"300\" srcset=\"https:\/\/www.oceancampingcarclub.fr\/wp-content\/uploads\/2025\/10\/DETOUR-EN-COTENTI2-pdf-image-212x300.jpg 212w, https:\/\/www.oceancampingcarclub.fr\/wp-content\/uploads\/2025\/10\/DETOUR-EN-COTENTI2-pdf-image.jpg 350w\" sizes=\"auto, (max-width: 212px) 100vw, 212px\" \/><\/a><\/p>\n<h1 style=\"text-align: center;\">Tr\u00e9sors des Vosges et de L&rsquo;Alsace<\/h1>\n<p style=\"text-align: center;\"><a class=\"link-to-pdf\" title=\"voyage Alsace-Vosges 2024\" href=\"https:\/\/www.oceancampingcarclub.fr\/wp-content\/uploads\/2024\/11\/voyage-Alsace-Vosges-2024.pdf\" target=\"_blank\" rel=\"attachment noopener wp-att-13024\"><img loading=\"lazy\" decoding=\"async\" class=\"alignnone wp-image-13025\" src=\"https:\/\/www.oceancampingcarclub.fr\/wp-content\/uploads\/2024\/11\/voyage-Alsace-Vosges-2024-pdf-image-213x300.jpg\" alt=\"\" width=\"371\" height=\"523\" srcset=\"https:\/\/www.oceancampingcarclub.fr\/wp-content\/uploads\/2024\/11\/voyage-Alsace-Vosges-2024-pdf-image-213x300.jpg 213w, https:\/\/www.oceancampingcarclub.fr\/wp-content\/uploads\/2024\/11\/voyage-Alsace-Vosges-2024-pdf-image.jpg 350w\" sizes=\"auto, (max-width: 371px) 100vw, 371px\" \/><\/a><\/p>\n<p>&nbsp;<\/p>\n<h1 style=\"text-align: center;\">Les Merveilles de l&rsquo;Anjou<\/h1>\n<p>&nbsp;<\/p>\n<p style=\"text-align: center;\"><a class=\"link-to-pdf\" title=\"cr voy 2024 Merveilles de l'Anjou\" href=\"https:\/\/www.oceancampingcarclub.fr\/wp-content\/uploads\/2024\/10\/cr-voy-2024-Merveilles-de-lAnjou.pdf\" target=\"_blank\" rel=\"attachment noopener wp-att-12973\"><img loading=\"lazy\" decoding=\"async\" class=\"alignnone size-full wp-image-12980\" src=\"https:\/\/www.oceancampingcarclub.fr\/wp-content\/uploads\/2024\/10\/cr-voy-2024-Merveilles-de-lAnjou-pdf-image.jpg\" alt=\"\" width=\"350\" height=\"494\" srcset=\"https:\/\/www.oceancampingcarclub.fr\/wp-content\/uploads\/2024\/10\/cr-voy-2024-Merveilles-de-lAnjou-pdf-image.jpg 350w, https:\/\/www.oceancampingcarclub.fr\/wp-content\/uploads\/2024\/10\/cr-voy-2024-Merveilles-de-lAnjou-pdf-image-213x300.jpg 213w\" sizes=\"auto, (max-width: 350px) 100vw, 350px\" \/><\/a><\/p>\n<h1 style=\"text-align: center;\">L&rsquo;Echapp\u00e9e Jurassienne<\/h1>\n<p style=\"text-align: center;\"><a class=\"link-to-pdf\" title=\"cr voy 2024 ECHAPPEE JURASIENNE\" href=\"https:\/\/www.oceancampingcarclub.fr\/wp-content\/uploads\/2024\/10\/cr-voy-2024-ECHAPPEE-JURASIENNE.pdf\" target=\"_blank\" rel=\"attachment noopener wp-att-12970\"><img loading=\"lazy\" decoding=\"async\" class=\"alignnone size-large wp-image-12981\" src=\"https:\/\/www.oceancampingcarclub.fr\/wp-content\/uploads\/2024\/10\/cr-voy-2024-ECHAPPEE-JURASIENNE-pdf-image.jpg\" alt=\"\" width=\"350\" height=\"495\" srcset=\"https:\/\/www.oceancampingcarclub.fr\/wp-content\/uploads\/2024\/10\/cr-voy-2024-ECHAPPEE-JURASIENNE-pdf-image.jpg 350w, https:\/\/www.oceancampingcarclub.fr\/wp-content\/uploads\/2024\/10\/cr-voy-2024-ECHAPPEE-JURASIENNE-pdf-image-212x300.jpg 212w\" sizes=\"auto, (max-width: 350px) 100vw, 350px\" \/><\/a><\/p>\n<h1 style=\"text-align: center;\">Voyage au Portugal<\/h1>\n<p style=\"text-align: center;\"><a class=\"link-to-pdf\" title=\"Juin 2024 CR voyage au Portugal\" href=\"https:\/\/www.oceancampingcarclub.fr\/wp-content\/uploads\/2024\/11\/Juin-2024-CR-voyage-au-Portugal.pdf\" target=\"_blank\" rel=\"attachment noopener wp-att-13028\"><img loading=\"lazy\" decoding=\"async\" class=\"alignnone wp-image-13029\" src=\"https:\/\/www.oceancampingcarclub.fr\/wp-content\/uploads\/2024\/11\/Juin-2024-CR-voyage-au-Portugal-pdf-image-213x300.jpg\" alt=\"\" width=\"326\" height=\"459\" srcset=\"https:\/\/www.oceancampingcarclub.fr\/wp-content\/uploads\/2024\/11\/Juin-2024-CR-voyage-au-Portugal-pdf-image-213x300.jpg 213w, https:\/\/www.oceancampingcarclub.fr\/wp-content\/uploads\/2024\/11\/Juin-2024-CR-voyage-au-Portugal-pdf-image.jpg 350w\" sizes=\"auto, (max-width: 326px) 100vw, 326px\" \/><\/a><\/p>\n<h1 style=\"text-align: center;\">L&rsquo;Italie du Sud<\/h1>\n<p style=\"text-align: center;\"><a class=\"link-to-pdf\" title=\"RECIT Italie\" href=\"https:\/\/www.oceancampingcarclub.fr\/wp-content\/uploads\/2024\/11\/RECIT-Italie.pdf\" target=\"_blank\" rel=\"attachment noopener wp-att-13042\"><img loading=\"lazy\" decoding=\"async\" class=\"alignnone wp-image-13043\" src=\"https:\/\/www.oceancampingcarclub.fr\/wp-content\/uploads\/2024\/11\/RECIT-Italie-pdf-image-213x300.jpg\" alt=\"\" width=\"290\" height=\"408\" srcset=\"https:\/\/www.oceancampingcarclub.fr\/wp-content\/uploads\/2024\/11\/RECIT-Italie-pdf-image-213x300.jpg 213w, https:\/\/www.oceancampingcarclub.fr\/wp-content\/uploads\/2024\/11\/RECIT-Italie-pdf-image.jpg 350w\" sizes=\"auto, (max-width: 290px) 100vw, 290px\" \/><\/a><\/p>\n<p style=\"text-align: center;\"><a class=\"link-to-pdf\" title=\"CR menton\" href=\"https:\/\/www.oceancampingcarclub.fr\/wp-content\/uploads\/2023\/09\/CR-menton.pdf\" target=\"_blank\" rel=\"attachment noopener wp-att-12816\"><img loading=\"lazy\" decoding=\"async\" class=\"alignnone size-medium wp-image-12848\" src=\"https:\/\/www.oceancampingcarclub.fr\/wp-content\/uploads\/2023\/09\/CR-menton-pdf-image-232x300.jpg\" alt=\"\" width=\"232\" height=\"300\" srcset=\"https:\/\/www.oceancampingcarclub.fr\/wp-content\/uploads\/2023\/09\/CR-menton-pdf-image-232x300.jpg 232w, https:\/\/www.oceancampingcarclub.fr\/wp-content\/uploads\/2023\/09\/CR-menton-pdf-image.jpg 350w\" sizes=\"auto, (max-width: 232px) 100vw, 232px\" \/><\/a><\/p>\n<p>&nbsp;<\/p>\n<p style=\"text-align: center;\"><a class=\"link-to-pdf\" title=\"CR La Corr\u00e8ze\" href=\"https:\/\/www.oceancampingcarclub.fr\/wp-content\/uploads\/2023\/09\/CR-La-Correze.pdf\" target=\"_blank\" rel=\"attachment noopener wp-att-12807\"><img loading=\"lazy\" decoding=\"async\" class=\"alignnone size-medium wp-image-12811\" src=\"https:\/\/www.oceancampingcarclub.fr\/wp-content\/uploads\/2023\/09\/CR-La-Correze-pdf-image-212x300.jpg\" alt=\"\" width=\"212\" height=\"300\" srcset=\"https:\/\/www.oceancampingcarclub.fr\/wp-content\/uploads\/2023\/09\/CR-La-Correze-pdf-image-212x300.jpg 212w, https:\/\/www.oceancampingcarclub.fr\/wp-content\/uploads\/2023\/09\/CR-La-Correze-pdf-image.jpg 350w\" sizes=\"auto, (max-width: 212px) 100vw, 212px\" \/><\/a><\/p>\n<p style=\"text-align: center;\"><a href=\"https:\/\/www.oceancampingcarclub.fr\/wp-content\/uploads\/2023\/03\/CR-voyage-Belgique-Hollande-pdf-image.jpg\"><img loading=\"lazy\" decoding=\"async\" class=\"alignnone size-medium wp-image-12721\" src=\"https:\/\/www.oceancampingcarclub.fr\/wp-content\/uploads\/2023\/03\/CR-voyage-Belgique-Hollande-pdf-image-213x300.jpg\" alt=\"\" width=\"213\" height=\"300\" srcset=\"https:\/\/www.oceancampingcarclub.fr\/wp-content\/uploads\/2023\/03\/CR-voyage-Belgique-Hollande-pdf-image-213x300.jpg 213w, https:\/\/www.oceancampingcarclub.fr\/wp-content\/uploads\/2023\/03\/CR-voyage-Belgique-Hollande-pdf-image.jpg 350w\" sizes=\"auto, (max-width: 213px) 100vw, 213px\" \/><\/a><\/p>\n<p><a href=\"https:\/\/www.oceancampingcarclub.fr\/wp-content\/uploads\/2023\/03\/CR-voyage-Belgique-Hollande-pdf-image.jpg\"><img loading=\"lazy\" decoding=\"async\" class=\"aligncenter wp-image-12721 size-medium\" src=\"https:\/\/www.oceancampingcarclub.fr\/wp-content\/uploads\/2023\/03\/CR-voyage-Belgique-Hollande-pdf-image-213x300.jpg\" alt=\"\" width=\"213\" height=\"300\" srcset=\"https:\/\/www.oceancampingcarclub.fr\/wp-content\/uploads\/2023\/03\/CR-voyage-Belgique-Hollande-pdf-image-213x300.jpg 213w, https:\/\/www.oceancampingcarclub.fr\/wp-content\/uploads\/2023\/03\/CR-voyage-Belgique-Hollande-pdf-image.jpg 350w\" sizes=\"auto, (max-width: 213px) 100vw, 213px\" \/><\/a><\/p>\n<p><a class=\"link-to-pdf\" title=\"CR voyage Gre\u0300ce\" href=\"https:\/\/www.oceancampingcarclub.fr\/wp-content\/uploads\/2023\/03\/CR-voyage-Grece.pdf\" target=\"_blank\" rel=\"attachment noopener wp-att-12712\"><img loading=\"lazy\" decoding=\"async\" class=\" wp-image-12718 aligncenter\" src=\"https:\/\/www.oceancampingcarclub.fr\/wp-content\/uploads\/2023\/03\/CR-voyage-Grece-pdf-image-213x300.jpg\" alt=\"\" width=\"294\" height=\"415\" srcset=\"https:\/\/www.oceancampingcarclub.fr\/wp-content\/uploads\/2023\/03\/CR-voyage-Grece-pdf-image-213x300.jpg 213w, https:\/\/www.oceancampingcarclub.fr\/wp-content\/uploads\/2023\/03\/CR-voyage-Grece-pdf-image.jpg 350w\" sizes=\"auto, (max-width: 294px) 100vw, 294px\" \/><\/a><a class=\"link-to-pdf\" title=\"CR VoyageCorse juin 2022\" href=\"https:\/\/www.oceancampingcarclub.fr\/wp-content\/uploads\/2023\/03\/CR-VoyageCorse-juin-2022.pdf\" target=\"_blank\" rel=\"attachment noopener wp-att-12713\"><img loading=\"lazy\" decoding=\"async\" class=\" wp-image-12714 aligncenter\" src=\"https:\/\/www.oceancampingcarclub.fr\/wp-content\/uploads\/2023\/03\/CR-VoyageCorse-juin-2022-pdf-image-213x300.jpg\" alt=\"\" width=\"320\" height=\"451\" srcset=\"https:\/\/www.oceancampingcarclub.fr\/wp-content\/uploads\/2023\/03\/CR-VoyageCorse-juin-2022-pdf-image-213x300.jpg 213w, https:\/\/www.oceancampingcarclub.fr\/wp-content\/uploads\/2023\/03\/CR-VoyageCorse-juin-2022-pdf-image.jpg 350w\" sizes=\"auto, (max-width: 320px) 100vw, 320px\" \/><\/a><a class=\"link-to-pdf\" title=\"CR Voyage Bretagne juin 2022\" href=\"https:\/\/www.oceancampingcarclub.fr\/wp-content\/uploads\/2023\/03\/CR-Voyage-Bretagne-juin-2022.pdf\" target=\"_blank\" rel=\"attachment noopener wp-att-12711\"><img loading=\"lazy\" decoding=\"async\" class=\" wp-image-12720 aligncenter\" src=\"https:\/\/www.oceancampingcarclub.fr\/wp-content\/uploads\/2023\/03\/CR-Voyage-Bretagne-juin-2022-pdf-image-213x300.jpg\" alt=\"\" width=\"294\" height=\"414\" srcset=\"https:\/\/www.oceancampingcarclub.fr\/wp-content\/uploads\/2023\/03\/CR-Voyage-Bretagne-juin-2022-pdf-image-213x300.jpg 213w, https:\/\/www.oceancampingcarclub.fr\/wp-content\/uploads\/2023\/03\/CR-Voyage-Bretagne-juin-2022-pdf-image.jpg 350w\" sizes=\"auto, (max-width: 294px) 100vw, 294px\" \/><\/a><a class=\"link-to-pdf\" title=\"CR Valle\u0301e du lot en pays Agenais\" href=\"https:\/\/www.oceancampingcarclub.fr\/wp-content\/uploads\/2023\/03\/CR-Vallee-du-lot-en-pays-Agenais.pdf\" target=\"_blank\" rel=\"attachment noopener wp-att-12708\"><img loading=\"lazy\" decoding=\"async\" class=\" wp-image-12722 aligncenter\" src=\"https:\/\/www.oceancampingcarclub.fr\/wp-content\/uploads\/2023\/03\/CR-Vallee-du-lot-en-pays-Agenais-pdf-image-213x300.jpg\" alt=\"\" width=\"301\" height=\"424\" srcset=\"https:\/\/www.oceancampingcarclub.fr\/wp-content\/uploads\/2023\/03\/CR-Vallee-du-lot-en-pays-Agenais-pdf-image-213x300.jpg 213w, https:\/\/www.oceancampingcarclub.fr\/wp-content\/uploads\/2023\/03\/CR-Vallee-du-lot-en-pays-Agenais-pdf-image.jpg 350w\" sizes=\"auto, (max-width: 301px) 100vw, 301px\" \/><\/a><a class=\"link-to-pdf\" title=\"CR fe\u0302te bergers et pays basque\" href=\"https:\/\/www.oceancampingcarclub.fr\/wp-content\/uploads\/2023\/03\/CR-fete-bergers-et-pays-basque.pdf\" target=\"_blank\" rel=\"attachment noopener wp-att-12707\"><img loading=\"lazy\" decoding=\"async\" class=\" wp-image-12710 aligncenter\" src=\"https:\/\/www.oceancampingcarclub.fr\/wp-content\/uploads\/2023\/03\/CR-fete-bergers-et-pays-basque-pdf-image-213x300.jpg\" alt=\"\" width=\"313\" height=\"440\" \/><\/a><\/p>\n","protected":false},"excerpt":{"rendered":"<p>Espagne Atlantique 2025 &nbsp; &nbsp; D\u00e9tour en Cotentin 2025 &nbsp; Tr\u00e9sors des Vosges et de L&rsquo;Alsace &nbsp; Les Merveilles de l&rsquo;Anjou &nbsp; L&rsquo;Echapp\u00e9e Jurassienne Voyage au Portugal L&rsquo;Italie du Sud &nbsp;<\/p>\n","protected":false},"author":1,"featured_media":0,"parent":0,"menu_order":0,"comment_status":"closed","ping_status":"closed","template":"","meta":{"footnotes":""},"class_list":["post-12372","page","type-page","status-publish","hentry"],"_links":{"self":[{"href":"https:\/\/www.oceancampingcarclub.fr\/index.php?rest_route=\/wp\/v2\/pages\/12372","targetHints":{"allow":["GET"]}}],"collection":[{"href":"https:\/\/www.oceancampingcarclub.fr\/index.php?rest_route=\/wp\/v2\/pages"}],"about":[{"href":"https:\/\/www.oceancampingcarclub.fr\/index.php?rest_route=\/wp\/v2\/types\/page"}],"author":[{"embeddable":true,"href":"https:\/\/www.oceancampingcarclub.fr\/index.php?rest_route=\/wp\/v2\/users\/1"}],"replies":[{"embeddable":true,"href":"https:\/\/www.oceancampingcarclub.fr\/index.php?rest_route=%2Fwp%2Fv2%2Fcomments&post=12372"}],"version-history":[{"count":7,"href":"https:\/\/www.oceancampingcarclub.fr\/index.php?rest_route=\/wp\/v2\/pages\/12372\/revisions"}],"predecessor-version":[{"id":13192,"href":"https:\/\/www.oceancampingcarclub.fr\/index.php?rest_route=\/wp\/v2\/pages\/12372\/revisions\/13192"}],"wp:attachment":[{"href":"https:\/\/www.oceancampingcarclub.fr\/index.php?rest_route=%2Fwp%2Fv2%2Fmedia&parent=12372"}],"curies":[{"name":"wp","href":"https:\/\/api.w.org\/{rel}","templated":true}]}}