{"id":1866,"date":"2018-02-08T17:10:18","date_gmt":"2018-02-08T16:10:18","guid":{"rendered":"http:\/\/www.oceancampingcarclub.fr\/?page_id=1866"},"modified":"2026-03-17T10:50:57","modified_gmt":"2026-03-17T09:50:57","slug":"accueil","status":"publish","type":"page","link":"https:\/\/www.oceancampingcarclub.fr\/","title":{"rendered":"MOT DU PRESIDENT"},"content":{"rendered":"<h1 style=\"text-align: center;\"><\/h1>\n<h1 class=\"p2\" style=\"text-align: center;\"><div id=\"wppdfemb-frame-container-2\"><iframe id=\"wppdf-emb-iframe-2\" scrolling=\"no\" data-pdf-index=\"2\" class=\"pdfembed-iframe nonfullscreen\" style=\"border: none; width:100%; max-width: 100%; min-height: 1000px;\" src=\"https:\/\/www.oceancampingcarclub.fr?url=https%3A%2F%2Fwww.oceancampingcarclub.fr%2Fwp-content%2Fuploads%2F2026%2F03%2FMessage-presidence-02-2026.pdf&title=Message+pr%C3%A9sidence+02+2026&pdfID=2&index=2\" ><\/iframe><\/div><\/h1>\n<blockquote><p>&nbsp;<\/p>\n<p>&nbsp;<\/p>\n<p>&nbsp;<\/p>\n<p>&nbsp;<\/p><\/blockquote>\n<p>&nbsp;<\/p>\n<p>&nbsp;<\/p>\n<blockquote>\n<h3 style=\"text-align: center;\"><img loading=\"lazy\" decoding=\"async\" style=\"color: #333333; font-weight: bold; font-size: 14px; font-style: normal; word-spacing: normal;\" src=\"https:\/\/designyourcampingcar.com\/800-large_default\/sticker-des-retraites-heureux.jpg\" alt=\"Sticker retrait\u00e9s heureux\" width=\"328\" height=\"328\" \/><img loading=\"lazy\" decoding=\"async\" class=\"alignnone wp-image-12659\" style=\"color: #333333; font-weight: bold; font-size: 14px; font-style: normal; word-spacing: normal;\" src=\"https:\/\/www.oceancampingcarclub.fr\/wp-content\/uploads\/2023\/02\/sticker-OCEAN-CAMPING-CAR-Club-297x300.jpg\" alt=\"\" width=\"363\" height=\"367\" \/><\/h3>\n<\/blockquote>\n<h1><\/h1>\n<h1><\/h1>\n<h1><\/h1>\n<h1><\/h1>\n<h1 style=\"text-align: center;\"><span style=\"color: #ff0000;\"><strong>De bonnes raisons d\u2019adh\u00e9rer \u00e0 un club de camping caristes<\/strong><\/span><\/h1>\n<p style=\"text-align: center;\">Vous \u00eates d\u00e9j\u00e0 adh\u00e9rents de Oc\u00e9an Camping-Car Club mais vous avez lors de vos sorties individuelles certainement rencontr\u00e9 des camping-caristes qui n\u2019ont jamais entendu parler des clubs et associations existants dans ce domaine.<\/p>\n<p style=\"text-align: center;\">C\u2019est le bon moment pour leur parler de ces groupes \u00e0 but non lucratifs dont OCCC fait partie avec pour objectifs\u00a0: \u00a0La convivialit\u00e9, la d\u00e9fense des int\u00e9r\u00eats des camping-caristes, l\u2019organisation de voyages.<\/p>\n<p style=\"text-align: center;\">Nous pouvons \u00e9changer avec eux des informations pratiques sur nos v\u00e9hicules, sur nos voyages et nos destinations.<\/p>\n<p style=\"text-align: center;\">Nous pouvons \u0153uvrer pour promouvoir la p\u00e9rennit\u00e9 du club en invoquant les avantages de faire partie d\u2019un club comme OCCC qui est affili\u00e9 \u00e0 la FFCC et qui en toute convivialit\u00e9 organise des sorties, des voyages en France et \u00e0 l\u2019\u00e9tranger ainsi que des moments forts dans l\u2019ann\u00e9e tel que l\u2019AG, la galette et des rassemblements de courte<\/p>\n<p style=\"text-align: center; padding-left: 80px;\">\u00a0 \u00a0 <img loading=\"lazy\" decoding=\"async\" class=\"aligncenter\" src=\"https:\/\/encrypted-tbn0.gstatic.com\/images?q=tbn:ANd9GcTrkGNQWB0KLx21xlj1-wuq-GezYHjp2dx2vhuzI_j0j7JyBv7iHrYEmDnFhDhYfQNWW1g&amp;usqp=CAU\" alt=\"Concept De Logo De Vacances De Voyage D'\u00e9t\u00e9 Avec Camping-car | Vecteur Premium\" width=\"397\" height=\"293\" \/><\/p>\n<blockquote>\n<p style=\"text-align: center;\">\n<\/blockquote>\n<hr \/>\n<hr \/>\n","protected":false},"excerpt":{"rendered":"<p>&nbsp; &nbsp; &nbsp; &nbsp; &nbsp; &nbsp; De bonnes raisons d\u2019adh\u00e9rer \u00e0 un club de camping caristes Vous \u00eates d\u00e9j\u00e0 adh\u00e9rents de Oc\u00e9an Camping-Car Club mais vous avez lors de vos sorties individuelles certainement rencontr\u00e9 des camping-caristes qui n\u2019ont jamais entendu parler des clubs et associations existants dans ce domaine. C\u2019est le bon moment pour leur&#8230;<\/p>\n<div class=\"read-more\"><a href=\"https:\/\/www.oceancampingcarclub.fr\/\">Lire la suite<\/a><\/div>\n","protected":false},"author":1,"featured_media":0,"parent":0,"menu_order":0,"comment_status":"closed","ping_status":"closed","template":"","meta":{"footnotes":""},"class_list":["post-1866","page","type-page","status-publish","hentry"],"_links":{"self":[{"href":"https:\/\/www.oceancampingcarclub.fr\/index.php?rest_route=\/wp\/v2\/pages\/1866","targetHints":{"allow":["GET"]}}],"collection":[{"href":"https:\/\/www.oceancampingcarclub.fr\/index.php?rest_route=\/wp\/v2\/pages"}],"about":[{"href":"https:\/\/www.oceancampingcarclub.fr\/index.php?rest_route=\/wp\/v2\/types\/page"}],"author":[{"embeddable":true,"href":"https:\/\/www.oceancampingcarclub.fr\/index.php?rest_route=\/wp\/v2\/users\/1"}],"replies":[{"embeddable":true,"href":"https:\/\/www.oceancampingcarclub.fr\/index.php?rest_route=%2Fwp%2Fv2%2Fcomments&post=1866"}],"version-history":[{"count":5,"href":"https:\/\/www.oceancampingcarclub.fr\/index.php?rest_route=\/wp\/v2\/pages\/1866\/revisions"}],"predecessor-version":[{"id":13224,"href":"https:\/\/www.oceancampingcarclub.fr\/index.php?rest_route=\/wp\/v2\/pages\/1866\/revisions\/13224"}],"wp:attachment":[{"href":"https:\/\/www.oceancampingcarclub.fr\/index.php?rest_route=%2Fwp%2Fv2%2Fmedia&parent=1866"}],"curies":[{"name":"wp","href":"https:\/\/api.w.org\/{rel}","templated":true}]}}