{"id":404,"date":"2017-09-07T06:27:59","date_gmt":"2017-09-07T04:27:59","guid":{"rendered":"http:\/\/www.oceancampingcarclub.fr\/?page_id=404"},"modified":"2024-10-21T11:31:42","modified_gmt":"2024-10-21T09:31:42","slug":"adhesion","status":"publish","type":"page","link":"https:\/\/www.oceancampingcarclub.fr\/?page_id=404","title":{"rendered":"Adh\u00e9sion"},"content":{"rendered":"<blockquote><p>Notre organisation de voyages, con\u00e7us et pr\u00e9par\u00e9s par des adh\u00e9rents qui ont exp\u00e9riment\u00e9 ces voyages.<\/p>\n<p>Vous \u00eates accompagn\u00e9s par les concepteurs tout au long de votre voyage.<\/p>\n<p>Tous les tarifs propos\u00e9s sont calcul\u00e9s au plus juste.<\/p>\n<p>Vous voyagez en toute s\u00e9curit\u00e9 et confiance puisque tout est pr\u00e9vu ; r\u00e9serv\u00e9 avant le d\u00e9part<\/p>\n<p>Vous b\u00e9n\u00e9ficiez d\u2019une assurance annulation.<\/p>\n<p>Un Club d\u2019Amis Qui Aiment Partager et Voyager<\/p>\n<p>OCEAN-CAMPING-CAR-CLUB<br \/>\n10 rue du Colonel Fabien<\/p>\n<p>24660 Coulounieix Chamiers<br \/>\nTel : 07.86.43.31.40 &#8211; Portable : 06.73.49.27.59<br \/>\nAdresse Mail : <a href=\"mailto:c_gagnaire@orange.fr\">c_gagnaire@orange.fr<\/a><br \/>\nNotre site web : <a href=\"https:\/\/www.oceancampingcarclub.fr\">www.oceancampingcarclub.fr<\/a><\/p>\n<p>ORGANIGRAMME : Conseil d\u2019Administration Compos\u00e9 de 12 membres. Ce conseil g\u00e8re le club (en bon p\u00e8re de famille) ; il est \u00e0 l\u2019\u00e9coute des suggestions des adh\u00e9rents ; \u00e9labore les r\u00e8gles qui permettent de r\u00e9gler au mieux la vie du club.<br \/>\nIl prend les d\u00e9cisions n\u00e9cessaires, \u00e9tudie les propositions de voyages en collaboration avec les concepteurs de ces voyages.<br \/>\nLe Bureau :<br \/>\nPr\u00e9sident : Marc LUCAS<br \/>\nVice \u2013 Pr\u00e9sident: Christian GAGANAIRE<br \/>\nTr\u00e9sorier(\u00e8re) : Nadine CHAPRON<\/p>\n<p>Secr\u00e9taire : Gis\u00e8le PAILLOT<\/p>\n<p>Tr\u00e9sorier adjoint :Michelle PREVOS<\/p>\n<p>Notre Protection (Assurance) : Le club est assur\u00e9 pour tous les actes de la vie d\u2019un club (animations, d\u00e9placements, voyages). Vous b\u00e9n\u00e9ficiez d\u2019une assurance annulation voyage (sous conditions pr\u00e9cises en accord avec notre assurance).<br \/>\nVous voyagez en toute l\u00e9galit\u00e9 en France et dans le monde gr\u00e2ce \u00e0 notre affiliation \u00e0 la FFCC.OCEAN-CAMPING-CAR-CLUB<br \/>\nVous fait rencontrer de nouveaux amis camping-caristes.<br \/>\nConna\u00eetre des exp\u00e9riences de groupe.<br \/>\nB\u00e9n\u00e9ficier de tarifs pr\u00e9f\u00e9rentiels sur de nombreuses prestations, y compris sur l\u2019entretien de votre v\u00e9hicule.<br \/>\nVous recevrez notre journal d\u2019informations \u00ab LE PHARE \u00bb. Ainsi que le bulletin de LIAISON de la FFCC.<br \/>\nDevenez, si vous en exprimez le d\u00e9sir, concepteur accompagnateur de voyages ; nous vous accompagnerons dans votre projet.<br \/>\nNos Rassemblements festifs deux fois par an : nous nous retrouvons \u00e0 :<\/p>\n<p><strong><span style=\"color: #00ccff;\">&#8211; l&rsquo;Assembl\u00e9e G\u00e9n\u00e9rale\u00a0<\/span><\/strong><\/p>\n<p><span style=\"color: #333300;\">&#8211; A la<\/span><strong><span style=\"color: #ff00ff;\"> Galette des rois\u00a0<\/span><\/strong><\/p>\n<h4>Venez nombreux<\/h4>\n<\/blockquote>\n<h2 style=\"text-align: center;\"><span style=\"color: #ff9900;\">Vous pouvez t\u00e9l\u00e9charger le <strong>Bulletin d\u2019adh\u00e9sion 2025<\/strong><\/span><\/h2>\n<p style=\"text-align: center;\"><a href=\"https:\/\/www.oceancampingcarclub.fr\/adhesion\/bulletin-adhesion-annee-2025-01\/bulletin-adhesion-annee-2025-01-thumbnail\" rel=\"attachment wp-att-12974\"><img loading=\"lazy\" decoding=\"async\" class=\"aligncenter size-medium wp-image-12974\" src=\"https:\/\/www.oceancampingcarclub.fr\/wp-content\/uploads\/2024\/10\/bulletin-Adhesion-annee-2025-01-pdf-image-300x212.jpg\" alt=\"\" width=\"300\" height=\"212\" srcset=\"https:\/\/www.oceancampingcarclub.fr\/wp-content\/uploads\/2024\/10\/bulletin-Adhesion-annee-2025-01-pdf-image-300x212.jpg 300w, https:\/\/www.oceancampingcarclub.fr\/wp-content\/uploads\/2024\/10\/bulletin-Adhesion-annee-2025-01-pdf-image.jpg 350w\" sizes=\"auto, (max-width: 300px) 100vw, 300px\" \/><\/a><\/p>\n<p>&nbsp;<\/p>\n<h2><\/h2>\n<h2><\/h2>\n<h2 style=\"text-align: center;\"><\/h2>\n<p>&nbsp;<\/p>\n","protected":false},"excerpt":{"rendered":"<p>Notre organisation de voyages, con\u00e7us et pr\u00e9par\u00e9s par des adh\u00e9rents qui ont exp\u00e9riment\u00e9 ces voyages. Vous \u00eates accompagn\u00e9s par les concepteurs tout au long de votre voyage. Tous les tarifs propos\u00e9s sont calcul\u00e9s au plus juste. Vous voyagez en toute s\u00e9curit\u00e9 et confiance puisque tout est pr\u00e9vu ; r\u00e9serv\u00e9 avant le d\u00e9part Vous b\u00e9n\u00e9ficiez d\u2019une&#8230;<\/p>\n<div class=\"read-more\"><a href=\"https:\/\/www.oceancampingcarclub.fr\/?page_id=404\">Lire la suite<\/a><\/div>\n","protected":false},"author":1,"featured_media":0,"parent":0,"menu_order":0,"comment_status":"closed","ping_status":"closed","template":"","meta":{"footnotes":""},"class_list":["post-404","page","type-page","status-publish","hentry"],"_links":{"self":[{"href":"https:\/\/www.oceancampingcarclub.fr\/index.php?rest_route=\/wp\/v2\/pages\/404","targetHints":{"allow":["GET"]}}],"collection":[{"href":"https:\/\/www.oceancampingcarclub.fr\/index.php?rest_route=\/wp\/v2\/pages"}],"about":[{"href":"https:\/\/www.oceancampingcarclub.fr\/index.php?rest_route=\/wp\/v2\/types\/page"}],"author":[{"embeddable":true,"href":"https:\/\/www.oceancampingcarclub.fr\/index.php?rest_route=\/wp\/v2\/users\/1"}],"replies":[{"embeddable":true,"href":"https:\/\/www.oceancampingcarclub.fr\/index.php?rest_route=%2Fwp%2Fv2%2Fcomments&post=404"}],"version-history":[{"count":2,"href":"https:\/\/www.oceancampingcarclub.fr\/index.php?rest_route=\/wp\/v2\/pages\/404\/revisions"}],"predecessor-version":[{"id":12977,"href":"https:\/\/www.oceancampingcarclub.fr\/index.php?rest_route=\/wp\/v2\/pages\/404\/revisions\/12977"}],"wp:attachment":[{"href":"https:\/\/www.oceancampingcarclub.fr\/index.php?rest_route=%2Fwp%2Fv2%2Fmedia&parent=404"}],"curies":[{"name":"wp","href":"https:\/\/api.w.org\/{rel}","templated":true}]}}