{"id":532,"date":"2017-09-08T00:00:06","date_gmt":"2017-09-07T22:00:06","guid":{"rendered":"http:\/\/www.oceancampingcarclub.fr\/?page_id=532"},"modified":"2017-09-08T12:45:28","modified_gmt":"2017-09-08T10:45:28","slug":"plan-du-site","status":"publish","type":"page","link":"https:\/\/www.oceancampingcarclub.fr\/?page_id=532","title":{"rendered":"Plan du site"},"content":{"rendered":"<div class=\"wsp-container\"><h2 class=\"wsp-pages-title\">Pages<\/h2>\n<ul class=\"wsp-pages-list\">\n<li class=\"page_item page-item-404\"><a href=\"https:\/\/www.oceancampingcarclub.fr\/?page_id=404\">Adh\u00e9sion<\/a><\/li>\n<li class=\"page_item page-item-164\"><a href=\"https:\/\/www.oceancampingcarclub.fr\/?page_id=164\">Contactez-nous<\/a><\/li>\n<li class=\"page_item page-item-1054\"><a href=\"https:\/\/www.oceancampingcarclub.fr\/?page_id=1054\">Le Club<\/a><\/li>\n<li class=\"page_item page-item-132\"><a href=\"https:\/\/www.oceancampingcarclub.fr\/?page_id=132\">Le Phare<\/a><\/li>\n<li class=\"page_item page-item-1020\"><a href=\"https:\/\/www.oceancampingcarclub.fr\/?page_id=1020\">Lire les petites annonces<\/a><\/li>\n<li class=\"page_item page-item-11996\"><a href=\"https:\/\/www.oceancampingcarclub.fr\/?page_id=11996\">Maintenance<\/a><\/li>\n<li class=\"page_item page-item-371\"><a href=\"https:\/\/www.oceancampingcarclub.fr\/?page_id=371\">Mentions L\u00e9gales<\/a><\/li>\n<li class=\"page_item page-item-1866\"><a href=\"https:\/\/www.oceancampingcarclub.fr\/\">MOT DU PRESIDENT<\/a><\/li>\n<li class=\"page_item page-item-1123\"><a href=\"https:\/\/www.oceancampingcarclub.fr\/?page_id=1123\">Nos sponsors<\/a><\/li>\n<li class=\"page_item page-item-11 current_page_parent\"><a href=\"https:\/\/www.oceancampingcarclub.fr\/?page_id=11\">Page de tous les articles<\/a><\/li>\n<li class=\"page_item page-item-12152 page_item_has_children\"><a href=\"https:\/\/www.oceancampingcarclub.fr\/?page_id=12152\">Petites annonces<\/a>\n<ul class='children'>\n\t<li class=\"page_item page-item-12153\"><a href=\"https:\/\/www.oceancampingcarclub.fr\/?page_id=12153\">Afficher l&rsquo;annonce<\/a><\/li>\n\t<li class=\"page_item page-item-12154\"><a href=\"https:\/\/www.oceancampingcarclub.fr\/?page_id=12154\">Ajouter une annonce<\/a><\/li>\n\t<li class=\"page_item page-item-12155\"><a href=\"https:\/\/www.oceancampingcarclub.fr\/?page_id=12155\">Modifier l\u2019annonce<\/a><\/li>\n\t<li class=\"page_item page-item-12158\"><a href=\"https:\/\/www.oceancampingcarclub.fr\/?page_id=12158\">Parcourir toutes les annonces<\/a><\/li>\n\t<li class=\"page_item page-item-12159\"><a href=\"https:\/\/www.oceancampingcarclub.fr\/?page_id=12159\">Rechercher des annonces<\/a><\/li>\n\t<li class=\"page_item page-item-12156\"><a href=\"https:\/\/www.oceancampingcarclub.fr\/?page_id=12156\">Renouveler l\u2019annonce<\/a><\/li>\n\t<li class=\"page_item page-item-12157\"><a href=\"https:\/\/www.oceancampingcarclub.fr\/?page_id=12157\">R\u00e9pondre \u00e0 l\u2019annonce<\/a><\/li>\n<\/ul>\n<\/li>\n<li class=\"page_item page-item-532\"><a href=\"https:\/\/www.oceancampingcarclub.fr\/?page_id=532\">Plan du site<\/a><\/li>\n<li class=\"page_item page-item-12080\"><a href=\"https:\/\/www.oceancampingcarclub.fr\/?page_id=12080\">Politique de confidentialit\u00e9<\/a><\/li>\n<li class=\"page_item page-item-12563\"><a href=\"https:\/\/www.oceancampingcarclub.fr\/?page_id=12563\">Programme de voyage 2026<\/a><\/li>\n<li class=\"page_item page-item-12963\"><a href=\"https:\/\/www.oceancampingcarclub.fr\/?page_id=12963\">Programme de voyages 2025<\/a><\/li>\n<li class=\"page_item page-item-12372\"><a href=\"https:\/\/www.oceancampingcarclub.fr\/?page_id=12372\">R\u00e9cits de nos voyages<\/a><\/li>\n<li class=\"page_item page-item-5670\"><a href=\"https:\/\/www.oceancampingcarclub.fr\/?page_id=5670\">Toutes les annonces<\/a><\/li>\n<li class=\"page_item page-item-5675 page_item_has_children\"><a href=\"https:\/\/www.oceancampingcarclub.fr\/?page_id=5675\">Toutes les petites annonces d&rsquo;OCCC<\/a>\n<ul class='children'>\n\t<li class=\"page_item page-item-5676\"><a href=\"https:\/\/www.oceancampingcarclub.fr\/?page_id=5676\">Ajouter une annonce<\/a><\/li>\n<\/ul>\n<\/li>\n<\/ul>\n<h2 class=\"wsp-posts-title\">Articles par cat\u00e9gorie<\/h2>\n<ul class=\"wsp-posts-list\">\n\t<li><strong class=\"wsp-category-title\">Cat\u00e9gorie\u00a0: <a href=\"https:\/\/www.oceancampingcarclub.fr\/?cat=46\">Galerie photos<\/a><\/strong>\n<ul class=\"wsp-posts-list\">\t\t<li class=\"wsp-post\"><a href=\"https:\/\/www.oceancampingcarclub.fr\/?p=12232\">Photos \u00ab\u00a0Voyage en Savoie\u00a0\u00bb<\/a><\/li>\n\t\t<li class=\"wsp-post\"><a href=\"https:\/\/www.oceancampingcarclub.fr\/?p=12226\">Photos \u00ab\u00a0La Roumanie\u00a0\u00bb<\/a><\/li>\n\t\t<li class=\"wsp-post\"><a href=\"https:\/\/www.oceancampingcarclub.fr\/?p=12223\">Photos \u00ab\u00a0La ballade gourmande\u00a0\u00bb<\/a><\/li>\n\t\t<li class=\"wsp-post\"><a href=\"https:\/\/www.oceancampingcarclub.fr\/?p=12212\">Photos \u00ab\u00a0F\u00eate des bergers\u00a0\u00bb<\/a><\/li>\n\t\t<li class=\"wsp-post\"><a href=\"https:\/\/www.oceancampingcarclub.fr\/?p=5843\">Photo \u00a0\u00bb Le Grand Bornand \u00ab\u00a0<\/a><\/li>\n<\/ul><\/li>\n\t<li><strong class=\"wsp-category-title\">Cat\u00e9gorie\u00a0: <a href=\"https:\/\/www.oceancampingcarclub.fr\/?cat=13\">L&#039;association<\/a><\/strong>\n<ul class=\"wsp-posts-list\">\t\t<li class=\"wsp-post\"><a href=\"https:\/\/www.oceancampingcarclub.fr\/?p=12561\">Programme de voyage 2023 Armor Braz<\/a><\/li>\n\t\t<li class=\"wsp-post\"><a href=\"https:\/\/www.oceancampingcarclub.fr\/?p=12550\">Le phare n\u00b0 33 septembre 2022<\/a><\/li>\n\t\t<li class=\"wsp-post\"><a href=\"https:\/\/www.oceancampingcarclub.fr\/?p=12505\">Programme de voyage Fumel<\/a><\/li>\n\t\t<li class=\"wsp-post\"><a href=\"https:\/\/www.oceancampingcarclub.fr\/?p=12501\">Programme de voyage en Corse<\/a><\/li>\n\t\t<li class=\"wsp-post\"><a href=\"https:\/\/www.oceancampingcarclub.fr\/?p=12491\">Programme de voyage en Gr\u00e8ce<\/a><\/li>\n\t\t<li class=\"wsp-post\"><a href=\"https:\/\/www.oceancampingcarclub.fr\/?p=12407\">Voeux 2022<\/a><\/li>\n\t\t<li class=\"wsp-post\"><a href=\"https:\/\/www.oceancampingcarclub.fr\/?p=12294\">Le phare n\u00b031 de septembre 2021<\/a><\/li>\n\t\t<li class=\"wsp-post\"><a href=\"https:\/\/www.oceancampingcarclub.fr\/?p=12302\">Le phare n\u00b030 de f\u00e9vrier 2021<\/a><\/li>\n\t\t<li class=\"wsp-post\"><a href=\"https:\/\/www.oceancampingcarclub.fr\/?p=12331\">Le phare n\u00b028 f\u00e9vr 2020<\/a><\/li>\n\t\t<li class=\"wsp-post\"><a href=\"https:\/\/www.oceancampingcarclub.fr\/?p=12306\">Le phare n\u00b029 f\u00e9vr 2020<\/a><\/li>\n\t\t<li class=\"wsp-post\"><a href=\"https:\/\/www.oceancampingcarclub.fr\/?p=12334\">Le phare n\u00b027 sept 2019<\/a><\/li>\n\t\t<li class=\"wsp-post\"><a href=\"https:\/\/www.oceancampingcarclub.fr\/?p=12337\">Le phare n\u00b026 f\u00e9vr 2019<\/a><\/li>\n\t\t<li class=\"wsp-post\"><a href=\"https:\/\/www.oceancampingcarclub.fr\/?p=2592\">Compte-rendu de l\u2019Assembl\u00e9e G\u00e9n\u00e9rale Ordinaire Annuelle 2018<\/a><\/li>\n\t\t<li class=\"wsp-post\"><a href=\"https:\/\/www.oceancampingcarclub.fr\/?p=12340\">Le phare n\u00b025 sept 2018<\/a><\/li>\n\t\t<li class=\"wsp-post\"><a href=\"https:\/\/www.oceancampingcarclub.fr\/?p=12343\">Le phare n\u00b024 f\u00e9vr 2018<\/a><\/li>\n\t<li><strong class=\"wsp-category-title\">Cat\u00e9gorie\u00a0: <a href=\"https:\/\/www.oceancampingcarclub.fr\/?cat=58\">Annonces<\/a><\/strong>\n<ul class=\"wsp-posts-list\">\t\t<li class=\"wsp-post\"><a href=\"https:\/\/www.oceancampingcarclub.fr\/?p=13127\">vente d&rsquo;un camping-car<\/a><\/li>\n<\/ul><\/li>\n<\/ul><\/li>\n\t<li><strong class=\"wsp-category-title\">Cat\u00e9gorie\u00a0: <a href=\"https:\/\/www.oceancampingcarclub.fr\/?cat=3\">Le Club<\/a><\/strong>\n<\/li>\n\t<li><strong class=\"wsp-category-title\">Cat\u00e9gorie\u00a0: <a href=\"https:\/\/www.oceancampingcarclub.fr\/?cat=56\">Le phare<\/a><\/strong>\n<ul class=\"wsp-posts-list\">\t\t<li class=\"wsp-post\"><a href=\"https:\/\/www.oceancampingcarclub.fr\/?p=12423\">Le Phare n\u00b032 f\u00e9vrier 2022<\/a><\/li>\n<\/ul><\/li>\n\t<li><strong class=\"wsp-category-title\">Cat\u00e9gorie\u00a0: <a href=\"https:\/\/www.oceancampingcarclub.fr\/?cat=14\">Technique<\/a><\/strong>\n<ul class=\"wsp-posts-list\">\t\t<li class=\"wsp-post\"><a href=\"https:\/\/www.oceancampingcarclub.fr\/?p=12377\">Contr\u00f4le technique d&rsquo;un camping-car<\/a><\/li>\n\t\t<li class=\"wsp-post\"><a href=\"https:\/\/www.oceancampingcarclub.fr\/?p=12290\">Hacking du site<\/a><\/li>\n\t\t<li class=\"wsp-post\"><a href=\"https:\/\/www.oceancampingcarclub.fr\/?p=759\">Transf\u00e9rez vos photos de voyage<\/a><\/li>\n\t\t<li class=\"wsp-post\"><a href=\"https:\/\/www.oceancampingcarclub.fr\/?p=339\">permis B avant 1975<\/a><\/li>\n<\/ul><\/li>\n\t<li><strong class=\"wsp-category-title\">Cat\u00e9gorie\u00a0: <a href=\"https:\/\/www.oceancampingcarclub.fr\/?cat=4\">Voyages<\/a><\/strong>\n<ul class=\"wsp-posts-list\">\t<li><strong class=\"wsp-category-title\">Cat\u00e9gorie\u00a0: <a href=\"https:\/\/www.oceancampingcarclub.fr\/?cat=51\">Photos de voyage<\/a><\/strong>\n<\/li>\n\t<li><strong class=\"wsp-category-title\">Cat\u00e9gorie\u00a0: <a href=\"https:\/\/www.oceancampingcarclub.fr\/?cat=50\">Programme de voyage<\/a><\/strong>\n<ul class=\"wsp-posts-list\">\t\t<li class=\"wsp-post\"><a href=\"https:\/\/www.oceancampingcarclub.fr\/?p=13001\">PROPOSITION DE VOYAGE 2025<\/a><\/li>\n\t\t<li class=\"wsp-post\"><a href=\"https:\/\/www.oceancampingcarclub.fr\/?p=12508\">Programme de voyage F\u00eate des Bergers<\/a><\/li>\n\t\t<li class=\"wsp-post\"><a href=\"https:\/\/www.oceancampingcarclub.fr\/?p=12498\">Programme de voyage en Hollande<\/a><\/li>\n\t\t<li class=\"wsp-post\"><a href=\"https:\/\/www.oceancampingcarclub.fr\/?p=12495\">Programme de voyage en Bretagne<\/a><\/li>\n\t\t<li class=\"wsp-post\"><a href=\"https:\/\/www.oceancampingcarclub.fr\/?p=1452\">Programme \u00ab\u00a0F\u00eate des bergers dans les Pyr\u00e9n\u00e9es\u00a0\u00bb<\/a><\/li>\n\t\t<li class=\"wsp-post\"><a href=\"https:\/\/www.oceancampingcarclub.fr\/?p=1385\">Programme \u00ab\u00a0Le best of des Pyr\u00e9n\u00e9es\u00a0\u00bb<\/a><\/li>\n\t\t<li class=\"wsp-post\"><a href=\"https:\/\/www.oceancampingcarclub.fr\/?p=1003\">Programme \u00ab\u00a0La Camargue\u00a0\u00bb<\/a><\/li>\n\t\t<li class=\"wsp-post\"><a href=\"https:\/\/www.oceancampingcarclub.fr\/?p=990\">Programme \u00ab\u00a0Au pays des grands navigateurs &#8211; Espagne-Portugal\u00a0\u00bb<\/a><\/li>\n\t\t<li class=\"wsp-post\"><a href=\"https:\/\/www.oceancampingcarclub.fr\/?p=974\">Programme \u00ab\u00a0Les plus de la Pologne\u00a0\u00bb<\/a><\/li>\n<\/ul><\/li>\n\t<li><strong class=\"wsp-category-title\">Cat\u00e9gorie\u00a0: <a href=\"https:\/\/www.oceancampingcarclub.fr\/?cat=49\">R\u00e9cit de voyage<\/a><\/strong>\n<ul class=\"wsp-posts-list\">\t\t<li class=\"wsp-post\"><a href=\"https:\/\/www.oceancampingcarclub.fr\/?p=12991\">LES MERVEILLES DE L&rsquo;ANJOU -2024<\/a><\/li>\n\t\t<li class=\"wsp-post\"><a href=\"https:\/\/www.oceancampingcarclub.fr\/?p=12936\">CR Ireland 2023<\/a><\/li>\n\t\t<li class=\"wsp-post\"><a href=\"https:\/\/www.oceancampingcarclub.fr\/?p=5497\">R\u00e9cit du voyage \u00ab\u00a0Savoie\u00a0\u00bb 2\u00e8me Groupe<\/a><\/li>\n\t\t<li class=\"wsp-post\"><a href=\"https:\/\/www.oceancampingcarclub.fr\/?p=5493\">R\u00e9cit du voyage \u00a0\u00bb Savoie \u00a0\u00bb 1er Groupe<\/a><\/li>\n\t\t<li class=\"wsp-post\"><a href=\"https:\/\/www.oceancampingcarclub.fr\/?p=5486\">R\u00e9cit du voyage \u00a0\u00bb Le Grand Bornand \u00ab\u00a0<\/a><\/li>\n\t\t<li class=\"wsp-post\"><a href=\"https:\/\/www.oceancampingcarclub.fr\/?p=5433\">R\u00e9cit du voyage \u00a0\u00bb Escapade \u00a0\u00bb Menton-Nice&#8230;\u00a0\u00bb<\/a><\/li>\n\t\t<li class=\"wsp-post\"><a href=\"https:\/\/www.oceancampingcarclub.fr\/?p=1492\">R\u00e9cit du voyage \u00ab\u00a0La balade gourmande\u00a0\u00bb<\/a><\/li>\n\t\t<li class=\"wsp-post\"><a href=\"https:\/\/www.oceancampingcarclub.fr\/?p=1416\">R\u00e9cit du voyage \u00ab\u00a0La Corse, Perle de la M\u00e9diterran\u00e9e\u00a0\u00bb<\/a><\/li>\n<\/ul><\/li>\n<\/ul><\/li>\n<\/ul>\n<h2 class=\"wsp-icf-slides-categorys-title\">Slides Categories<\/h2>\n<ul class=\"wsp-icf-slides-categorys-list\">\n<li><a href=\"https:\/\/www.oceancampingcarclub.fr\/?icf-slides-category=pour-annonceurs\">Pour annonceurs<\/a><\/li>\n<li><a href=\"https:\/\/www.oceancampingcarclub.fr\/?icf-slides-category=pour-entete\">pour ent\u00eate<\/a><\/li>\n<\/ul>\n<\/div>\n","protected":false},"excerpt":{"rendered":"","protected":false},"author":1,"featured_media":0,"parent":0,"menu_order":0,"comment_status":"closed","ping_status":"closed","template":"","meta":{"footnotes":""},"class_list":["post-532","page","type-page","status-publish","hentry"],"_links":{"self":[{"href":"https:\/\/www.oceancampingcarclub.fr\/index.php?rest_route=\/wp\/v2\/pages\/532","targetHints":{"allow":["GET"]}}],"collection":[{"href":"https:\/\/www.oceancampingcarclub.fr\/index.php?rest_route=\/wp\/v2\/pages"}],"about":[{"href":"https:\/\/www.oceancampingcarclub.fr\/index.php?rest_route=\/wp\/v2\/types\/page"}],"author":[{"embeddable":true,"href":"https:\/\/www.oceancampingcarclub.fr\/index.php?rest_route=\/wp\/v2\/users\/1"}],"replies":[{"embeddable":true,"href":"https:\/\/www.oceancampingcarclub.fr\/index.php?rest_route=%2Fwp%2Fv2%2Fcomments&post=532"}],"version-history":[{"count":0,"href":"https:\/\/www.oceancampingcarclub.fr\/index.php?rest_route=\/wp\/v2\/pages\/532\/revisions"}],"wp:attachment":[{"href":"https:\/\/www.oceancampingcarclub.fr\/index.php?rest_route=%2Fwp%2Fv2%2Fmedia&parent=532"}],"curies":[{"name":"wp","href":"https:\/\/api.w.org\/{rel}","templated":true}]}}